{"id":30,"date":"2022-10-23T14:47:53","date_gmt":"2022-10-23T14:47:53","guid":{"rendered":"https:\/\/main-clean.com\/?page_id=30"},"modified":"2022-10-23T14:49:22","modified_gmt":"2022-10-23T14:49:22","slug":"ueber-uns","status":"publish","type":"page","link":"https:\/\/main-clean.com\/?page_id=30","title":{"rendered":"\u00dcber Uns"},"content":{"rendered":"<div class=\"wp-block-image\">\n<figure class=\"alignright size-large is-resized\"><img loading=\"lazy\" src=\"https:\/\/main-clean.com\/wp-content\/uploads\/2022\/10\/pexels-fauxels-3183197-1024x683.jpg\" alt=\"\" class=\"wp-image-32\" width=\"842\" height=\"560\"\/><\/figure><\/div>\n\n\n<p><\/p>\n\n\n<p>Wir sind ein professionelles und zuverl\u00e4ssiges Reinigungsunternehmen aus Frankfurt am Main. Gegr\u00fcndet um hohen Anspr\u00fcchen gerecht zu werden. Unsere Vision ist es jeden Kunden zufrieden zu stellen. Wir k\u00fcmmern uns seit Jahren um die Hygiene in den R\u00e4umlichkeiten unserer Kunden und das mit vollstem Einsatz. W\u00e4hlen Sie uns als Ihren langfristigen Partner und \u00a0erleben Sie besten Service zu fairen Preisen.\u00a0<\/p>","protected":false},"excerpt":{"rendered":"<p>Wir sind ein professionelles und zuverl\u00e4ssiges Reinigungsunternehmen aus Frankfurt am Main. Gegr\u00fcndet um hohen Anspr\u00fcchen gerecht zu werden. Unsere Vision ist es jeden Kunden zufrieden zu stellen. Wir k\u00fcmmern uns seit Jahren um die Hygiene in den R\u00e4umlichkeiten unserer Kunden [&hellip;]<\/p>\n","protected":false},"author":1,"featured_media":0,"parent":0,"menu_order":0,"comment_status":"closed","ping_status":"closed","template":"","meta":[],"_links":{"self":[{"href":"https:\/\/main-clean.com\/index.php?rest_route=\/wp\/v2\/pages\/30"}],"collection":[{"href":"https:\/\/main-clean.com\/index.php?rest_route=\/wp\/v2\/pages"}],"about":[{"href":"https:\/\/main-clean.com\/index.php?rest_route=\/wp\/v2\/types\/page"}],"author":[{"embeddable":true,"href":"https:\/\/main-clean.com\/index.php?rest_route=\/wp\/v2\/users\/1"}],"replies":[{"embeddable":true,"href":"https:\/\/main-clean.com\/index.php?rest_route=%2Fwp%2Fv2%2Fcomments&post=30"}],"version-history":[{"count":2,"href":"https:\/\/main-clean.com\/index.php?rest_route=\/wp\/v2\/pages\/30\/revisions"}],"predecessor-version":[{"id":36,"href":"https:\/\/main-clean.com\/index.php?rest_route=\/wp\/v2\/pages\/30\/revisions\/36"}],"wp:attachment":[{"href":"https:\/\/main-clean.com\/index.php?rest_route=%2Fwp%2Fv2%2Fmedia&parent=30"}],"curies":[{"name":"wp","href":"https:\/\/api.w.org\/{rel}","templated":true}]}}